{"id":19844,"date":"2025-09-19T10:36:07","date_gmt":"2025-09-19T10:36:07","guid":{"rendered":"https:\/\/www.worldfestivalofpadel.com\/?page_id=19844"},"modified":"2026-04-03T15:49:38","modified_gmt":"2026-04-03T15:49:38","slug":"evenements","status":"publish","type":"page","link":"https:\/\/worldfestivalofpadel.com\/fr\/events\/","title":{"rendered":"Ev\u00e9nements"},"content":{"rendered":"<div data-elementor-type=\"wp-page\" data-elementor-id=\"19844\" class=\"elementor elementor-19844\" data-elementor-post-type=\"page\">\n\t\t\t\t<div class=\"elementor-element elementor-element-44d4bec e-flex e-con-boxed e-con e-parent\" data-id=\"44d4bec\" data-element_type=\"container\" data-e-type=\"container\" data-settings=\"{&quot;background_background&quot;:&quot;classic&quot;}\">\n\t\t\t\t\t<div class=\"e-con-inner\">\n\t\t<div class=\"elementor-element elementor-element-220f8c6 e-con-full e-flex e-con e-child\" data-id=\"220f8c6\" data-element_type=\"container\" data-e-type=\"container\">\n\t\t\t\t<div class=\"elementor-element elementor-element-8e9213d elementor-widget__width-initial elementor-widget-tablet__width-inherit elementor-widget elementor-widget-heading\" data-id=\"8e9213d\" data-element_type=\"widget\" data-e-type=\"widget\" data-widget_type=\"heading.default\">\n\t\t\t\t\t<h1 class=\"elementor-heading-title elementor-size-default translation-block\">MAJORS <font style=\"color:#E4FF00\">EVENTS 2026<\/font><\/h1>\t\t\t\t<\/div>\n\t\t<div class=\"elementor-element elementor-element-8e860be e-con-full e-flex e-con e-child\" data-id=\"8e860be\" data-element_type=\"container\" data-e-type=\"container\">\n\t\t\t\t<div class=\"elementor-element elementor-element-d6fe145 elementor-align-left elementor-tablet-align-center elementor-mobile-align-justify elementor-widget elementor-widget-button\" data-id=\"d6fe145\" data-element_type=\"widget\" data-e-type=\"widget\" data-widget_type=\"button.default\">\n\t\t\t\t\t\t\t\t\t\t<a class=\"elementor-button elementor-button-link elementor-size-sm\" href=\"https:\/\/worldfestivalofpadel.com\/fr\/evenements\/#majorprogram\">\n\t\t\t\t\t\t<span class=\"elementor-button-content-wrapper\">\n\t\t\t\t\t\t\t\t\t<span class=\"elementor-button-text\">D\u00c9COUVRIR LE PROGRAMME<\/span>\n\t\t\t\t\t<\/span>\n\t\t\t\t\t<\/a>\n\t\t\t\t\t\t\t\t<\/div>\n\t\t\t\t<\/div>\n\t\t\t\t<\/div>\n\t\t\t\t\t<\/div>\n\t\t\t\t<\/div>\n\t\t<div class=\"elementor-element elementor-element-3f3e40a e-flex e-con-boxed e-con e-parent\" data-id=\"3f3e40a\" data-element_type=\"container\" data-e-type=\"container\" data-settings=\"{&quot;background_background&quot;:&quot;classic&quot;}\">\n\t\t\t\t\t<div class=\"e-con-inner\">\n\t\t<div class=\"elementor-element elementor-element-d54bee1 e-con-full e-flex e-con e-child\" data-id=\"d54bee1\" data-element_type=\"container\" data-e-type=\"container\" data-settings=\"{&quot;background_background&quot;:&quot;classic&quot;}\">\n\t\t\t\t<div class=\"elementor-element elementor-element-05d9540 elementor-widget elementor-widget-heading\" data-id=\"05d9540\" data-element_type=\"widget\" data-e-type=\"widget\" data-widget_type=\"heading.default\">\n\t\t\t\t\t<h2 class=\"elementor-heading-title elementor-size-default\">PASSIE CENTER<\/h2>\t\t\t\t<\/div>\n\t\t\t\t<div class=\"elementor-element elementor-element-de8e6fa elementor-widget elementor-widget-heading\" data-id=\"de8e6fa\" data-element_type=\"widget\" data-e-type=\"widget\" data-widget_type=\"heading.default\">\n\t\t\t\t\t<h2 class=\"elementor-heading-title elementor-size-default\">AMSTERDAM MAJOR EVENT<\/h2>\t\t\t\t<\/div>\n\t\t\t\t<div class=\"elementor-element elementor-element-aae5a74 elementor-widget elementor-widget-heading\" data-id=\"aae5a74\" data-element_type=\"widget\" data-e-type=\"widget\" data-widget_type=\"heading.default\">\n\t\t\t\t\t<span class=\"elementor-heading-title elementor-size-default\">DU 1ER AU 3 MAI 2026<\/span>\t\t\t\t<\/div>\n\t\t<div class=\"elementor-element elementor-element-ebc1d11 e-con-full e-flex e-con e-child\" data-id=\"ebc1d11\" data-element_type=\"container\" data-e-type=\"container\">\n\t\t\t\t<div class=\"elementor-element elementor-element-211b9ec elementor-hidden-tablet elementor-hidden-mobile elementor-widget elementor-widget-html\" data-id=\"211b9ec\" data-element_type=\"widget\" data-e-type=\"widget\" data-widget_type=\"html.default\">\n\t\t\t\t\t<a href=\"https:\/\/widget.weezevent.com\/ticket\/E1685837\/?code=4441&locale=fr-FR&width_auto=1&color_primary=0032FA\" onclick=\"var w=window.open('https:\/\/widget.weezevent.com\/ticket\/E1685837\/?code=4441&locale=fr-FR&width_auto=1&color_primary=0032FA', 'Billetterie Weezevent', 'width=650, height=600, top=100, left=100, toolbar=no, resizable=yes, scrollbars=yes, status=no'); w.focus(); return false;\" style=\"font-family:Anton, Arial, sans-serif;font-size: 1.4rem;text-transform:uppercase; text-decoration: none;color: #000;background: #E4FF00;padding: .2em 1em;border-radius: 100px;font-weight:500;border:2px solid #E4FF00;\">S'inscrire<\/a>\n<script type=\"text\/javascript\" src=\"https:\/\/widget.weezevent.com\/weez.js\"><\/script>\t\t\t\t<\/div>\n\t\t\t\t<\/div>\n\t\t<div class=\"elementor-element elementor-element-9320619 e-con-full e-flex e-con e-child\" data-id=\"9320619\" data-element_type=\"container\" data-e-type=\"container\">\n\t\t\t\t<div class=\"elementor-element elementor-element-46a32ac elementor-widget__width-initial elementor-widget-mobile__width-initial elementor-widget elementor-widget-text-editor\" data-id=\"46a32ac\" data-element_type=\"widget\" data-e-type=\"widget\" data-widget_type=\"text-editor.default\">\n\t\t\t\t\t\t\t\t\t<p>Nous attendons plus de 200 joueurs pour le 1er Major de 2026, qui s'affronteront \u00e0 Amsterdam tout au long du week-end.<\/p>\n<p>Soir\u00e9e club le samedi soir : padel, musique, happy hour et challenge sur le court central.<\/p>\n<p>Commencez l'ann\u00e9e en beaut\u00e9 et rejoignez le premier Major de la tourn\u00e9e \u00e0 Amsterdam !<\/p>\t\t\t\t\t\t\t\t<\/div>\n\t\t\t\t<div class=\"elementor-element elementor-element-02e4285 elementor-widget__width-initial elementor-widget elementor-widget-video\" data-id=\"02e4285\" data-element_type=\"widget\" data-e-type=\"widget\" data-settings=\"{&quot;youtube_url&quot;:&quot;https:\\\/\\\/youtube.com\\\/shorts\\\/nLqhC1dow6Q?feature=share&quot;,&quot;video_type&quot;:&quot;youtube&quot;,&quot;controls&quot;:&quot;yes&quot;}\" data-widget_type=\"video.default\">\n\t\t\t\t\t\t\t<div class=\"elementor-wrapper elementor-open-inline\">\n\t\t\t<div class=\"elementor-video\"><\/div>\t\t<\/div>\n\t\t\t\t\t\t<\/div>\n\t\t\t\t<\/div>\n\t\t<div class=\"elementor-element elementor-element-b60a083 e-con-full e-flex e-con e-child\" data-id=\"b60a083\" data-element_type=\"container\" data-e-type=\"container\">\n\t\t\t\t<div class=\"elementor-element elementor-element-80fa446 elementor-hidden-desktop elementor-widget elementor-widget-html\" data-id=\"80fa446\" data-element_type=\"widget\" data-e-type=\"widget\" data-widget_type=\"html.default\">\n\t\t\t\t\t<a href=\"https:\/\/widget.weezevent.com\/ticket\/E1685837\/?code=4441&locale=fr-FR&width_auto=1&color_primary=0032FA\" onclick=\"var w=window.open('https:\/\/widget.weezevent.com\/ticket\/E1685837\/?code=4441&locale=fr-FR&width_auto=1&color_primary=0032FA', 'Billetterie Weezevent', 'width=650, height=600, top=100, left=100, toolbar=no, resizable=yes, scrollbars=yes, status=no'); w.focus(); return false;\" style=\"font-family:Anton, Arial, sans-serif;font-size: 1.4rem;text-transform:uppercase; text-decoration: none;color: #000;background: #E4FF00;padding: .2em 1em;border-radius: 100px;font-weight:500;border:2px solid #E4FF00;\">S'inscrire<\/a>\n<script type=\"text\/javascript\" src=\"https:\/\/widget.weezevent.com\/weez.js\"><\/script>\t\t\t\t<\/div>\n\t\t\t\t<\/div>\n\t\t\t\t<\/div>\n\t\t<div class=\"elementor-element elementor-element-80b6b9b e-con-full e-flex e-con e-child\" data-id=\"80b6b9b\" data-element_type=\"container\" data-e-type=\"container\" data-settings=\"{&quot;background_background&quot;:&quot;classic&quot;}\">\n\t\t\t\t<div class=\"elementor-element elementor-element-424a1dc elementor-widget elementor-widget-heading\" data-id=\"424a1dc\" data-element_type=\"widget\" data-e-type=\"widget\" data-widget_type=\"heading.default\">\n\t\t\t\t\t<h2 class=\"elementor-heading-title elementor-size-default\">WINNER MEMORABLE CENTER<\/h2>\t\t\t\t<\/div>\n\t\t\t\t<div class=\"elementor-element elementor-element-585878d elementor-widget elementor-widget-heading\" data-id=\"585878d\" data-element_type=\"widget\" data-e-type=\"widget\" data-widget_type=\"heading.default\">\n\t\t\t\t\t<h2 class=\"elementor-heading-title elementor-size-default\">ROME MAJOR EVENT<\/h2>\t\t\t\t<\/div>\n\t\t\t\t<div class=\"elementor-element elementor-element-02fe8bc elementor-widget elementor-widget-heading\" data-id=\"02fe8bc\" data-element_type=\"widget\" data-e-type=\"widget\" data-widget_type=\"heading.default\">\n\t\t\t\t\t<span class=\"elementor-heading-title elementor-size-default\">Du 19 au 21 juin 2026<\/span>\t\t\t\t<\/div>\n\t\t<div class=\"elementor-element elementor-element-ffc9114 e-con-full e-flex e-con e-child\" data-id=\"ffc9114\" data-element_type=\"container\" data-e-type=\"container\">\n\t\t\t\t<div class=\"elementor-element elementor-element-3066ef9 elementor-widget__width-inherit elementor-widget elementor-widget-text-editor\" data-id=\"3066ef9\" data-element_type=\"widget\" data-e-type=\"widget\" data-widget_type=\"text-editor.default\">\n\t\t\t\t\t\t\t\t\t<p>Nous attendons plus de 140 joueurs pour le 2\u00e8me Major de 2026, qui s'affronteront \u00e0 ROME tout au long du week-end.<\/p><p>Samedi soir, \u00ab SERATA \u00bb dans une ambiance italienne !<\/p><p>Venez profiter du meilleur du padel italien et d'une ville comme Rome, qui est un mus\u00e9e \u00e0 ciel ouvert !<\/p>\t\t\t\t\t\t\t\t<\/div>\n\t\t\t\t<div class=\"elementor-element elementor-element-be0f5ae elementor-widget__width-initial elementor-hidden-desktop elementor-hidden-tablet elementor-hidden-mobile elementor-widget elementor-widget-video\" data-id=\"be0f5ae\" data-element_type=\"widget\" data-e-type=\"widget\" data-settings=\"{&quot;youtube_url&quot;:&quot;https:\\\/\\\/youtube.com\\\/shorts\\\/nLqhC1dow6Q?feature=share&quot;,&quot;video_type&quot;:&quot;youtube&quot;,&quot;controls&quot;:&quot;yes&quot;}\" data-widget_type=\"video.default\">\n\t\t\t\t\t\t\t<div class=\"elementor-wrapper elementor-open-inline\">\n\t\t\t<div class=\"elementor-video\"><\/div>\t\t<\/div>\n\t\t\t\t\t\t<\/div>\n\t\t\t\t<\/div>\n\t\t<div class=\"elementor-element elementor-element-ebf757b e-con-full e-flex e-con e-child\" data-id=\"ebf757b\" data-element_type=\"container\" data-e-type=\"container\">\n\t\t\t\t<div class=\"elementor-element elementor-element-0d5d13c elementor-widget elementor-widget-html\" data-id=\"0d5d13c\" data-element_type=\"widget\" data-e-type=\"widget\" data-widget_type=\"html.default\">\n\t\t\t\t\t<script type=\"text\/javascript\" src=\"https:\/\/widget.weezevent.com\/weez.js\"><\/script>\n\n<a href=\"https:\/\/widget.weezevent.com\/ticket\/E1784167\/?code=29688&locale=fr-FR&width_auto=1&color_primary=0032FA\" onclick=\"var w=window.open('https:\/\/widget.weezevent.com\/ticket\/E1784167\/?code=29688&locale=fr-FR&width_auto=1&color_primary=0032FA', 'Billetterie Weezevent', 'width=650, height=600, top=100, left=100, toolbar=no, resizable=yes, scrollbars=yes, status=no'); w.focus(); return false;\" style=\"font-family:Anton, Arial, sans-serif;font-size: 1.4rem;text-transform:uppercase; text-decoration: none;color: #000;background: #E4FF00;padding: .2em 1em;border-radius: 100px;font-weight:500;border:2px solid #E4FF00;\">S'inscrire<\/a>\t\t\t\t<\/div>\n\t\t\t\t<\/div>\n\t\t\t\t<\/div>\n\t\t<div class=\"elementor-element elementor-element-66527e8 e-con-full e-flex e-con e-child\" data-id=\"66527e8\" data-element_type=\"container\" data-e-type=\"container\" data-settings=\"{&quot;background_background&quot;:&quot;classic&quot;}\">\n\t\t\t\t<div class=\"elementor-element elementor-element-a126ac3 elementor-widget elementor-widget-heading\" data-id=\"a126ac3\" data-element_type=\"widget\" data-e-type=\"widget\" data-widget_type=\"heading.default\">\n\t\t\t\t\t<h2 class=\"elementor-heading-title elementor-size-default\">Lieu de l'\u00e9v\u00e9nement \u00e0 confirmer<\/h2>\t\t\t\t<\/div>\n\t\t\t\t<div class=\"elementor-element elementor-element-3edc61f elementor-widget elementor-widget-heading\" data-id=\"3edc61f\" data-element_type=\"widget\" data-e-type=\"widget\" data-widget_type=\"heading.default\">\n\t\t\t\t\t<h2 class=\"elementor-heading-title elementor-size-default\">\u00c9V\u00c9NEMENT MAJEUR \u00c0 PARIS<\/h2>\t\t\t\t<\/div>\n\t\t\t\t<div class=\"elementor-element elementor-element-6348fd7 elementor-widget elementor-widget-heading\" data-id=\"6348fd7\" data-element_type=\"widget\" data-e-type=\"widget\" data-widget_type=\"heading.default\">\n\t\t\t\t\t<span class=\"elementor-heading-title elementor-size-default\">Sept TBC, 2026<\/span>\t\t\t\t<\/div>\n\t\t<div class=\"elementor-element elementor-element-8c3cf12 e-con-full e-flex e-con e-child\" data-id=\"8c3cf12\" data-element_type=\"container\" data-e-type=\"container\">\n\t\t\t\t<div class=\"elementor-element elementor-element-a11398e elementor-widget__width-inherit elementor-widget elementor-widget-text-editor\" data-id=\"a11398e\" data-element_type=\"widget\" data-e-type=\"widget\" data-widget_type=\"text-editor.default\">\n\t\t\t\t\t\t\t\t\t<p>Nous attendons plus de 150 joueurs pour le 3\u00e8me Major de 2026, qui s'affronteront en FRANCE tout au long du week-end.<\/p><p>Samedi soir \u00ab \u00e0 la fran\u00e7aise \u00bb avec des sp\u00e9cialit\u00e9s locales !!<\/p><p>Venez d\u00e9couvrir la French touch lors d'un week-end inoubliable !!<\/p>\t\t\t\t\t\t\t\t<\/div>\n\t\t\t\t<div class=\"elementor-element elementor-element-4b6a088 elementor-widget__width-initial elementor-hidden-desktop elementor-hidden-tablet elementor-hidden-mobile elementor-widget elementor-widget-video\" data-id=\"4b6a088\" data-element_type=\"widget\" data-e-type=\"widget\" data-settings=\"{&quot;youtube_url&quot;:&quot;https:\\\/\\\/youtube.com\\\/shorts\\\/nLqhC1dow6Q?feature=share&quot;,&quot;video_type&quot;:&quot;youtube&quot;,&quot;controls&quot;:&quot;yes&quot;}\" data-widget_type=\"video.default\">\n\t\t\t\t\t\t\t<div class=\"elementor-wrapper elementor-open-inline\">\n\t\t\t<div class=\"elementor-video\"><\/div>\t\t<\/div>\n\t\t\t\t\t\t<\/div>\n\t\t\t\t<\/div>\n\t\t<div class=\"elementor-element elementor-element-81212a4 e-con-full e-flex e-con e-child\" data-id=\"81212a4\" data-element_type=\"container\" data-e-type=\"container\">\n\t\t\t\t<div class=\"elementor-element elementor-element-162b743 elementor-widget elementor-widget-html\" data-id=\"162b743\" data-element_type=\"widget\" data-e-type=\"widget\" data-widget_type=\"html.default\">\n\t\t\t\t\t<script type=\"text\/javascript\" src=\"https:\/\/widget.weezevent.com\/weez.js\"><\/script>\n\n<a href=\"https:\/\/widget.weezevent.com\/ticket\/E1800403\/?code=17676&locale=fr-FR&width_auto=1&color_primary=0032FA\" onclick=\"var w=window.open('https:\/\/widget.weezevent.com\/ticket\/E1800403\/?code=17676&locale=fr-FR&width_auto=1&color_primary=0032FA', 'Billetterie Weezevent', 'width=650, height=600, top=100, left=100, toolbar=no, resizable=yes, scrollbars=yes, status=no'); w.focus(); return false;\" style=\"font-family:Anton, Arial, sans-serif;font-size: 1.4rem;text-transform:uppercase; text-decoration: none;color: #000;background: #E4FF00;padding: .2em 1em;border-radius: 100px;font-weight:500;border:2px solid #E4FF00;\">S'inscrire<\/a>\t\t\t\t<\/div>\n\t\t\t\t<\/div>\n\t\t\t\t<\/div>\n\t\t<div class=\"elementor-element elementor-element-1fd4dd5 e-con-full e-flex e-con e-child\" data-id=\"1fd4dd5\" data-element_type=\"container\" data-e-type=\"container\" data-settings=\"{&quot;background_background&quot;:&quot;classic&quot;}\">\n\t\t\t\t<div class=\"elementor-element elementor-element-6adc2a1 elementor-widget elementor-widget-heading\" data-id=\"6adc2a1\" data-element_type=\"widget\" data-e-type=\"widget\" data-widget_type=\"heading.default\">\n\t\t\t\t\t<h2 class=\"elementor-heading-title elementor-size-default\">Lieu de l'\u00e9v\u00e9nement \u00e0 confirmer<\/h2>\t\t\t\t<\/div>\n\t\t\t\t<div class=\"elementor-element elementor-element-1a14a1a elementor-widget elementor-widget-heading\" data-id=\"1a14a1a\" data-element_type=\"widget\" data-e-type=\"widget\" data-widget_type=\"heading.default\">\n\t\t\t\t\t<h2 class=\"elementor-heading-title elementor-size-default\">VALENCIA MAJOR EVENT<\/h2>\t\t\t\t<\/div>\n\t\t\t\t<div class=\"elementor-element elementor-element-6cd4b8c elementor-widget elementor-widget-heading\" data-id=\"6cd4b8c\" data-element_type=\"widget\" data-e-type=\"widget\" data-widget_type=\"heading.default\">\n\t\t\t\t\t<span class=\"elementor-heading-title elementor-size-default\">Oct. \u00e0 confirmer, 2026<\/span>\t\t\t\t<\/div>\n\t\t<div class=\"elementor-element elementor-element-a0f806c e-con-full e-flex e-con e-child\" data-id=\"a0f806c\" data-element_type=\"container\" data-e-type=\"container\">\n\t\t\t\t<div class=\"elementor-element elementor-element-7f85608 elementor-widget__width-inherit elementor-widget elementor-widget-text-editor\" data-id=\"7f85608\" data-element_type=\"widget\" data-e-type=\"widget\" data-widget_type=\"text-editor.default\">\n\t\t\t\t\t\t\t\t\t<p>Nous attendons plus de 200 joueurs pour le 4\u00e8me Major de 2026, qui s'affronteront \u00e0 VALENCIA tout au long du week-end.<\/p><p>Samedi soir, \u00ab FIESTA \u00bb dans une ambiance espagnole !<\/p><p>Ne manquez pas l'occasion de d\u00e9couvrir Valence dans des conditions id\u00e9ales, alliant sport et tourisme !<\/p>\t\t\t\t\t\t\t\t<\/div>\n\t\t\t\t<div class=\"elementor-element elementor-element-ddc3f60 elementor-widget__width-initial elementor-hidden-desktop elementor-hidden-tablet elementor-hidden-mobile elementor-widget elementor-widget-video\" data-id=\"ddc3f60\" data-element_type=\"widget\" data-e-type=\"widget\" data-settings=\"{&quot;youtube_url&quot;:&quot;https:\\\/\\\/youtube.com\\\/shorts\\\/nLqhC1dow6Q?feature=share&quot;,&quot;video_type&quot;:&quot;youtube&quot;,&quot;controls&quot;:&quot;yes&quot;}\" data-widget_type=\"video.default\">\n\t\t\t\t\t\t\t<div class=\"elementor-wrapper elementor-open-inline\">\n\t\t\t<div class=\"elementor-video\"><\/div>\t\t<\/div>\n\t\t\t\t\t\t<\/div>\n\t\t\t\t<\/div>\n\t\t<div class=\"elementor-element elementor-element-e399cef e-con-full e-flex e-con e-child\" data-id=\"e399cef\" data-element_type=\"container\" data-e-type=\"container\">\n\t\t\t\t<div class=\"elementor-element elementor-element-8471310 elementor-widget elementor-widget-html\" data-id=\"8471310\" data-element_type=\"widget\" data-e-type=\"widget\" data-widget_type=\"html.default\">\n\t\t\t\t\t<script type=\"text\/javascript\" src=\"https:\/\/widget.weezevent.com\/weez.js\"><\/script>\n\n<a href=\"https:\/\/widget.weezevent.com\/ticket\/E1800361\/?code=57550&locale=fr-FR&width_auto=1&color_primary=0032FA\" onclick=\"var w=window.open('https:\/\/widget.weezevent.com\/ticket\/E1800361\/?code=57550&locale=fr-FR&width_auto=1&color_primary=0032FA', 'Billetterie Weezevent', 'width=650, height=600, top=100, left=100, toolbar=no, resizable=yes, scrollbars=yes, status=no'); w.focus(); return false;\" style=\"font-family:Anton, Arial, sans-serif;font-size: 1.4rem;text-transform:uppercase; text-decoration: none;color: #000;background: #E4FF00;padding: .2em 1em;border-radius: 100px;font-weight:500;border:2px solid #E4FF00;\">S'inscrire<\/a>\t\t\t\t<\/div>\n\t\t\t\t<\/div>\n\t\t\t\t<\/div>\n\t\t<div class=\"elementor-element elementor-element-6b0d937 e-con-full e-flex e-con e-child\" data-id=\"6b0d937\" data-element_type=\"container\" data-e-type=\"container\" data-settings=\"{&quot;background_background&quot;:&quot;classic&quot;}\">\n\t\t\t\t<div class=\"elementor-element elementor-element-6500de2 elementor-widget elementor-widget-heading\" data-id=\"6500de2\" data-element_type=\"widget\" data-e-type=\"widget\" data-widget_type=\"heading.default\">\n\t\t\t\t\t<h2 class=\"elementor-heading-title elementor-size-default\">M3 PADEL CENTER<\/h2>\t\t\t\t<\/div>\n\t\t\t\t<div class=\"elementor-element elementor-element-166e7d2 elementor-widget elementor-widget-heading\" data-id=\"166e7d2\" data-element_type=\"widget\" data-e-type=\"widget\" data-widget_type=\"heading.default\">\n\t\t\t\t\t<h2 class=\"elementor-heading-title elementor-size-default\">MADRID MAJOR FINAL EVENT<\/h2>\t\t\t\t<\/div>\n\t\t\t\t<div class=\"elementor-element elementor-element-8534815 elementor-widget elementor-widget-heading\" data-id=\"8534815\" data-element_type=\"widget\" data-e-type=\"widget\" data-widget_type=\"heading.default\">\n\t\t\t\t\t<span class=\"elementor-heading-title elementor-size-default\">30 octobre - 01 novembre 2026<\/span>\t\t\t\t<\/div>\n\t\t<div class=\"elementor-element elementor-element-a581318 e-con-full e-flex e-con e-child\" data-id=\"a581318\" data-element_type=\"container\" data-e-type=\"container\">\n\t\t\t\t<div class=\"elementor-element elementor-element-e666a88 elementor-widget__width-inherit elementor-widget elementor-widget-text-editor\" data-id=\"e666a88\" data-element_type=\"widget\" data-e-type=\"widget\" data-widget_type=\"text-editor.default\">\n\t\t\t\t\t\t\t\t\t<p>Nous attendons plus de 200 joueurs pour le Major Final de 2026, qui s'affronteront \u00e0 MADRID tout au long du week-end.<\/p><p>Samedi soir Madril\u00e8ne, ambiance espagnole garantie !<\/p><p>Terminez la saison en beaut\u00e9, soit en vous qualifiant, soit en vous inscrivant directement au Major Final de Madrid.<\/p>\t\t\t\t\t\t\t\t<\/div>\n\t\t\t\t<div class=\"elementor-element elementor-element-7eb0485 elementor-widget__width-initial elementor-widget elementor-widget-video\" data-id=\"7eb0485\" data-element_type=\"widget\" data-e-type=\"widget\" data-settings=\"{&quot;youtube_url&quot;:&quot;https:\\\/\\\/www.youtube.com\\\/shorts\\\/ALB2p-QWVWs&quot;,&quot;video_type&quot;:&quot;youtube&quot;,&quot;controls&quot;:&quot;yes&quot;}\" data-widget_type=\"video.default\">\n\t\t\t\t\t\t\t<div class=\"elementor-wrapper elementor-open-inline\">\n\t\t\t<div class=\"elementor-video\"><\/div>\t\t<\/div>\n\t\t\t\t\t\t<\/div>\n\t\t\t\t<\/div>\n\t\t<div class=\"elementor-element elementor-element-fcae491 e-con-full e-flex e-con e-child\" data-id=\"fcae491\" data-element_type=\"container\" data-e-type=\"container\">\n\t\t\t\t<div class=\"elementor-element elementor-element-23ace28 elementor-widget elementor-widget-html\" data-id=\"23ace28\" data-element_type=\"widget\" data-e-type=\"widget\" data-widget_type=\"html.default\">\n\t\t\t\t\t<script type=\"text\/javascript\" src=\"https:\/\/widget.weezevent.com\/weez.js\"><\/script>\n\n<a href=\"https:\/\/widget.weezevent.com\/ticket\/E1800409\/?code=70568&locale=fr-FR&width_auto=1&color_primary=fcb900\" onclick=\"var w=window.open('https:\/\/widget.weezevent.com\/ticket\/E1800409\/?code=70568&locale=fr-FR&width_auto=1&color_primary=fcb900', 'Billetterie Weezevent', 'width=650, height=600, top=100, left=100, toolbar=no, resizable=yes, scrollbars=yes, status=no'); w.focus(); return false;\" style=\"font-family:Anton, Arial, sans-serif;font-size: 1.4rem;text-transform:uppercase; text-decoration: none;color: #000;background: #E4FF00;padding: .2em 1em;border-radius: 100px;font-weight:500;border:2px solid #E4FF00;\">S'inscrire<\/a>\t\t\t\t<\/div>\n\t\t\t\t<\/div>\n\t\t\t\t<\/div>\n\t\t<div class=\"elementor-element elementor-element-d108755 e-con-full e-flex e-con e-child\" data-id=\"d108755\" data-element_type=\"container\" data-e-type=\"container\">\n\t\t\t\t<div class=\"elementor-element elementor-element-e7a82e6 elementor-widget elementor-widget-heading\" data-id=\"e7a82e6\" data-element_type=\"widget\" data-e-type=\"widget\" id=\"majorprogram\" data-widget_type=\"heading.default\">\n\t\t\t\t\t<h2 class=\"elementor-heading-title elementor-size-default\">MAJOR PROGRAM<\/h2>\t\t\t\t<\/div>\n\t\t<div class=\"elementor-element elementor-element-ab7552a e-con-full e-flex e-con e-child\" data-id=\"ab7552a\" data-element_type=\"container\" data-e-type=\"container\">\n\t\t\t\t<div class=\"elementor-element elementor-element-09aef1a elementor-widget__width-inherit elementor-widget elementor-widget-text-editor\" data-id=\"09aef1a\" data-element_type=\"widget\" data-e-type=\"widget\" data-widget_type=\"text-editor.default\">\n\t\t\t\t\t\t\t\t\t<p><strong>Bienvenue dans l'exp\u00e9rience de nos Majors !\u00a0<\/strong><\/p><div><p class=\"translation-block\">Les tournois de qualification via nos SERIES &amp; MASTERS donneront aux joueurs la chance de gagner une invitation gratuite pour participer au tournoi. <br \/>\nCependant, vous pouvez \u00e9galement vous inscrire directement au Major pour profiter de l'exp\u00e9rience.<\/p><p>Programme Major<\/p><p>Jour 1 : Camp d'entra\u00eenement d'\u00e9lite avec des entra\u00eeneurs et des sessions de haut niveau.<br \/>Jour 2 : Comp\u00e9tition par groupes et par cat\u00e9gories.<br \/>Jour 3 : Comp\u00e9tition de classement et c\u00e9r\u00e9monie de remise des prix.<br \/>La f\u00eate du samedi soir !<\/p><p>Activation de marques et exp\u00e9riences sur place tout au long de l'\u00e9v\u00e9nement.<\/p><p>D\u00e9fi des joueurs professionnels et match d'exhibition professionnel.<\/p><p>Encadrement et soutien physiologique pour un v\u00e9ritable sentiment de professionnalisme.<\/p><p>Nous avons h\u00e2te de vous voir tous pour le lancement de la saison 2026 !<\/p><\/div>\t\t\t\t\t\t\t\t<\/div>\n\t\t\t\t<\/div>\n\t\t\t\t<\/div>\n\t\t\t\t\t<\/div>\n\t\t\t\t<\/div>\n\t\t\t\t<\/div>","protected":false},"excerpt":{"rendered":"<p>MAJORS EVENTS 2026 DISCOVER PROGRAM PASSIE CENTER AMSTERDAM MAJOR EVENT MAY 1 &#8211; 3, 2026 Register We are expecting over 200 players for the 1st Major of 2026, who will compete in Amsterdam throughout the weekend. Club night on Saturday evening: Padel, music, happy hour, and challenge on central court Start the year wonderfully and [&hellip;]<\/p>\n","protected":false},"author":4,"featured_media":18668,"parent":0,"menu_order":0,"comment_status":"closed","ping_status":"closed","template":"","meta":{"slim_seo":{"title":"Agenda de l'\u00e9v\u00e9nement 2026 - World Festival of Padel","description":"\u00c9V\u00c9NEMENTS MAJEURS 2026 PROGRAMME DE D\u00c9COUVERTE CENTRE PASSIE AMSTERDAM \u00c9V\u00c9NEMENT MAJEUR 1-3 MAI 2026 S'inscrire Nous attendons plus de 200 joueurs pour le premier Major de 2026, o\u00f9"},"footnotes":""},"class_list":["post-19844","page","type-page","status-publish","has-post-thumbnail","hentry"],"_links":{"self":[{"href":"https:\/\/worldfestivalofpadel.com\/fr\/wp-json\/wp\/v2\/pages\/19844","targetHints":{"allow":["GET"]}}],"collection":[{"href":"https:\/\/worldfestivalofpadel.com\/fr\/wp-json\/wp\/v2\/pages"}],"about":[{"href":"https:\/\/worldfestivalofpadel.com\/fr\/wp-json\/wp\/v2\/types\/page"}],"author":[{"embeddable":true,"href":"https:\/\/worldfestivalofpadel.com\/fr\/wp-json\/wp\/v2\/users\/4"}],"replies":[{"embeddable":true,"href":"https:\/\/worldfestivalofpadel.com\/fr\/wp-json\/wp\/v2\/comments?post=19844"}],"version-history":[{"count":70,"href":"https:\/\/worldfestivalofpadel.com\/fr\/wp-json\/wp\/v2\/pages\/19844\/revisions"}],"predecessor-version":[{"id":20975,"href":"https:\/\/worldfestivalofpadel.com\/fr\/wp-json\/wp\/v2\/pages\/19844\/revisions\/20975"}],"wp:featuredmedia":[{"embeddable":true,"href":"https:\/\/worldfestivalofpadel.com\/fr\/wp-json\/wp\/v2\/media\/18668"}],"wp:attachment":[{"href":"https:\/\/worldfestivalofpadel.com\/fr\/wp-json\/wp\/v2\/media?parent=19844"}],"curies":[{"name":"wp","href":"https:\/\/api.w.org\/{rel}","templated":true}]}}