{"id":18325,"date":"2025-04-10T03:27:18","date_gmt":"2025-04-10T03:27:18","guid":{"rendered":"https:\/\/www.worldfestivalofpadel.com\/?page_id=18325"},"modified":"2025-04-10T12:01:50","modified_gmt":"2025-04-10T12:01:50","slug":"politique-de-confidentialite","status":"publish","type":"page","link":"https:\/\/worldfestivalofpadel.com\/fr\/privacy-policy\/","title":{"rendered":"Politique de confidentialit\u00e9"},"content":{"rendered":"<div data-elementor-type=\"wp-page\" data-elementor-id=\"18325\" class=\"elementor elementor-18325\" data-elementor-post-type=\"page\">\n\t\t\t\t<div class=\"elementor-element elementor-element-cd0772f e-flex e-con-boxed e-con e-parent\" data-id=\"cd0772f\" data-element_type=\"container\" data-e-type=\"container\" data-settings=\"{&quot;background_background&quot;:&quot;classic&quot;,&quot;shape_divider_bottom&quot;:&quot;pyramids&quot;}\">\n\t\t\t\t\t<div class=\"e-con-inner\">\n\t\t\t\t<div class=\"elementor-shape elementor-shape-bottom\" aria-hidden=\"true\" data-negative=\"false\">\n\t\t\t<svg xmlns=\"http:\/\/www.w3.org\/2000\/svg\" viewbox=\"0 0 1000 100\" preserveaspectratio=\"none\">\n\t<path class=\"elementor-shape-fill\" d=\"M761.9,44.1L643.1,27.2L333.8,98L0,3.8V0l1000,0v3.9\"\/>\n<\/svg>\t\t<\/div>\n\t\t<div class=\"elementor-element elementor-element-efc3a9a e-con-full e-flex e-con e-child\" data-id=\"efc3a9a\" data-element_type=\"container\" data-e-type=\"container\">\n\t\t\t\t<div class=\"elementor-element elementor-element-e55b73e elementor-widget elementor-widget-heading\" data-id=\"e55b73e\" data-element_type=\"widget\" data-e-type=\"widget\" data-widget_type=\"heading.default\">\n\t\t\t\t\t<h1 class=\"elementor-heading-title elementor-size-default\">Politique de confidentialit\u00e9<\/h1>\t\t\t\t<\/div>\n\t\t\t\t<\/div>\n\t\t\t\t\t<\/div>\n\t\t\t\t<\/div>\n\t\t<div class=\"elementor-element elementor-element-b8b442d e-flex e-con-boxed e-con e-parent\" data-id=\"b8b442d\" data-element_type=\"container\" data-e-type=\"container\">\n\t\t\t\t\t<div class=\"e-con-inner\">\n\t\t<div class=\"elementor-element elementor-element-4914450 e-con-full e-flex e-con e-child\" data-id=\"4914450\" data-element_type=\"container\" data-e-type=\"container\">\n\t\t\t\t<div class=\"elementor-element elementor-element-9bf97c0 elementor-widget elementor-widget-text-editor\" data-id=\"9bf97c0\" data-element_type=\"widget\" data-e-type=\"widget\" data-widget_type=\"text-editor.default\">\n\t\t\t\t\t\t\t\t\t<h3>FORMULAIRES DE CONTACT ET D'INSCRIPTION<\/h3>\nLorsque vous utilisez un formulaire sur le site web, un e-mail contenant vos informations nous est envoy\u00e9. Ces donn\u00e9es sont \u00e9galement stock\u00e9es dans notre base de donn\u00e9es.\nSi vous souhaitez recevoir un r\u00e9sum\u00e9 de vos donn\u00e9es ou demander leur suppression de notre base de donn\u00e9es, veuillez nous contacter via la page de contact ou par courrier :\nPlayground Event,\n37 Rue de Domr\u00e9my,\n75013 Paris, France.\n\n<h3>UTILISATION DES DONN\u00c9ES<\/h3>\nLe terrain de jeu, en tant qu'organisateur de l'\u00e9v\u00e9nement, agit en tant que processeur de donn\u00e9es en vertu du GDPR.\n\nSur le site web http:\/\/worldfestivalofpadel-wordpress-7c4ccb-187-124-43-65.traefik.me, vos donn\u00e9es personnelles sont collect\u00e9es afin de :\n\n    Contacter et communiquer avec Playground, l'organisateur de l'\u00e9v\u00e9nement.\n\nLes donn\u00e9es collect\u00e9es comprennent : le nom, le pr\u00e9nom, l'adresse \u00e9lectronique et le num\u00e9ro de t\u00e9l\u00e9phone.\nLes destinataires de ces donn\u00e9es sont le personnel de Playground. Elles ne sont pas communiqu\u00e9es \u00e0 d'autres organisations.\n\nSur le site de billetterie https:\/\/my.weezevent.com\/world-padel-festival, vos donn\u00e9es personnelles sont collect\u00e9es afin de :\n\n    g\u00e9rer votre commande\n\n    Personnaliser les communications\n\n    Vous envoyer des informations et\/ou des offres\n\n    vous envoyer du contenu li\u00e9 aux partenaires de l'aire de jeux\n\nVos donn\u00e9es seront \u00e9galement utilis\u00e9es par Playground pour :\n\n    effectuer les t\u00e2ches n\u00e9cessaires au traitement des commandes\n\n    Assurer la livraison des produits et des services\n\n    G\u00e9rer les services apr\u00e8s-vente\n\nLes donn\u00e9es collect\u00e9es comprennent : le titre, le nom, le pr\u00e9nom, l'adresse \u00e9lectronique, le num\u00e9ro de t\u00e9l\u00e9phone, le pays, la cat\u00e9gorie choisie, les dates d'arriv\u00e9e et de d\u00e9part, et l'identit\u00e9 de la personne partageant l'h\u00e9bergement (en cas d'h\u00e9bergement officiel).\n\nLes donn\u00e9es collect\u00e9es sur la plateforme d'inscription sont trait\u00e9es par Weezevent, qui agit en tant que processeur de donn\u00e9es ult\u00e9rieur en vertu du GDPR.\nLes p\u00e9riodes de conservation des donn\u00e9es sont pr\u00e9cis\u00e9es sur le site web de Weezevent.\n\n<h3>L'EXERCICE DE VOS DROITS<\/h3>\nConform\u00e9ment au r\u00e8glement g\u00e9n\u00e9ral europ\u00e9en sur la protection des donn\u00e9es (RGPD) et \u00e0 la loi Informatique et Libert\u00e9s, vous disposez des droits suivants sur vos donn\u00e9es personnelles : information, acc\u00e8s, rectification, effacement, portabilit\u00e9, limitation et opposition.\n\nPour exercer vos droits sur les donn\u00e9es trait\u00e9es par Playground, vous pouvez nous contacter via le formulaire de contact ou par courrier \u00e0 :\nPlayground Event\n37 Rue de Domr\u00e9my\n75013 Paris, France\n\nPour plus d'informations, consultez le site de la CNIL ou contactez-la directement :\nhttps:\/\/www.cnil.fr\/en\/contact-cnil\t\t\t\t\t\t\t\t<\/div>\n\t\t\t\t<\/div>\n\t\t\t\t\t<\/div>\n\t\t\t\t<\/div>\n\t\t\t\t<\/div>","protected":false},"excerpt":{"rendered":"<p>CONTACT AND REGISTRATION FORMS When you use a form on the website, an email is sent to us containing your information. These details are also stored in our database. If you wish to receive a summary of your data or request its deletion from our database, please contact us via the contact page or by [&hellip;]<\/p>\n","protected":false},"author":4,"featured_media":0,"parent":0,"menu_order":0,"comment_status":"closed","ping_status":"closed","template":"","meta":{"slim_seo":{"noindex":"1","title":"Privacy Policy - World Festival of Padel","description":"FORMULAIRES DE CONTACT ET D'ENREGISTREMENT Lorsque vous utilisez un formulaire sur le site web, nous recevons un courrier \u00e9lectronique contenant vos informations. Ces donn\u00e9es sont \u00e9galement stock\u00e9es dans notre base de donn\u00e9es"},"footnotes":""},"class_list":["post-18325","page","type-page","status-publish","hentry"],"_links":{"self":[{"href":"https:\/\/worldfestivalofpadel.com\/fr\/wp-json\/wp\/v2\/pages\/18325","targetHints":{"allow":["GET"]}}],"collection":[{"href":"https:\/\/worldfestivalofpadel.com\/fr\/wp-json\/wp\/v2\/pages"}],"about":[{"href":"https:\/\/worldfestivalofpadel.com\/fr\/wp-json\/wp\/v2\/types\/page"}],"author":[{"embeddable":true,"href":"https:\/\/worldfestivalofpadel.com\/fr\/wp-json\/wp\/v2\/users\/4"}],"replies":[{"embeddable":true,"href":"https:\/\/worldfestivalofpadel.com\/fr\/wp-json\/wp\/v2\/comments?post=18325"}],"version-history":[{"count":0,"href":"https:\/\/worldfestivalofpadel.com\/fr\/wp-json\/wp\/v2\/pages\/18325\/revisions"}],"wp:attachment":[{"href":"https:\/\/worldfestivalofpadel.com\/fr\/wp-json\/wp\/v2\/media?parent=18325"}],"curies":[{"name":"wp","href":"https:\/\/api.w.org\/{rel}","templated":true}]}}